{"id":486,"date":"2021-04-25T21:27:34","date_gmt":"2021-04-25T19:27:34","guid":{"rendered":"http:\/\/asianipsti.cluster011.ovh.net\/www1a20210425\/?page_id=486"},"modified":"2021-11-19T19:18:23","modified_gmt":"2021-11-19T18:18:23","slug":"test-et-bilanssss","status":"publish","type":"page","link":"https:\/\/asiani-psychologue.com\/ru\/test-et-bilanssss\/","title":{"rendered":"Violences et stress"},"content":{"rendered":"\n<p style=\"font-weight: 300;\">Parce que les enfants sont vuln\u00e9rables et que nombre de souffrances d\u2019adultes proviennent de l\u2019enfance, il nous semble important de rappeler certains faits\u00a0scientifiquement \u00e9tablis.<\/p>\n<p><em><strong><span style=\"color: #3681c8;\">On sait aujourd\u2019hui qu\u2019il existe un lien entre les violences physiques, psychologiques et une intelligence ab\u00eem\u00e9e<\/span><\/strong><\/em><\/p>\n<p><em><strong><span style=\"color: #3681c8;\">Un danger physique ce sont des coups, des mauvais traitements, un danger psychologique ce sont des insultes, des humiliations, \u00eatre le t\u00e9moin de violence faites \u00e0 sa figure d\u2019attachement, voir sa m\u00e8re battue ou insult\u00e9e, d\u00e9nigr\u00e9e.<\/span><\/strong><\/em><\/p>\n<p style=\"font-weight: 300;\">Les violences physiques et psychologiques dont l\u2019enfant est t\u00e9moin (et pas n\u00e9cessairement directement victime) ab\u00eement l\u2019intelligence de l\u2019enfant.<\/p>\n<p style=\"font-weight: 300;\">L\u2019hormone du stress, le cortisol, en particulier chez le tout petit,\u00a0<em><strong><span style=\"color: #3681c8;\">d\u00e9truit les neurones<\/span><\/strong><\/em>. Il s\u2019agit l\u00e0 d\u2019une donn\u00e9e scientifique que l\u2019on ne connait pas assez.<\/p>\n","protected":false},"excerpt":{"rendered":"<p>Parce que les enfants sont vuln\u00e9rables et que nombre de souffrances d\u2019adultes proviennent de l\u2019enfance, il nous semble important de rappeler certains faits\u00a0scientifiquement \u00e9tablis. On sait aujourd\u2019hui qu\u2019il existe un lien entre les violences physiques, psychologiques et une intelligence ab\u00eem\u00e9e Un danger physique ce sont des coups, des mauvais traitements, un danger psychologique ce sont&hellip;&nbsp;<a href=\"https:\/\/asiani-psychologue.com\/ru\/test-et-bilanssss\/\" class=\"\" rel=\"bookmark\">\u041f\u043e\u0434\u0440\u043e\u0431\u043d\u0435\u0435 &raquo;<span class=\"screen-reader-text\">Violences et stress<\/span><\/a><\/p>\n","protected":false},"author":1,"featured_media":0,"parent":0,"menu_order":0,"comment_status":"closed","ping_status":"closed","template":"","meta":{"neve_meta_sidebar":"full-width","neve_meta_container":"","neve_meta_enable_content_width":"on","neve_meta_content_width":100,"neve_meta_title_alignment":"","neve_meta_author_avatar":"","neve_post_elements_order":"","neve_meta_disable_header":"","neve_meta_disable_footer":"","neve_meta_disable_title":""},"yoast_head":"<!-- This site is optimized with the Yoast SEO plugin v19.4 - https:\/\/yoast.com\/wordpress\/plugins\/seo\/ -->\n<title>Violences et stress - Fabienne ASIANI<\/title>\n<meta name=\"robots\" content=\"index, follow, max-snippet:-1, max-image-preview:large, max-video-preview:-1\" \/>\n<link rel=\"canonical\" href=\"https:\/\/asiani-psychologue.com\/ru\/test-et-bilanssss\/\" \/>\n<meta property=\"og:locale\" content=\"ru_RU\" \/>\n<meta property=\"og:type\" content=\"article\" \/>\n<meta property=\"og:title\" content=\"Violences et stress\" \/>\n<meta property=\"og:description\" content=\"Parce que les enfants sont vuln\u00e9rables et que nombre de souffrances d\u2019adultes proviennent de l\u2019enfance, il nous semble important de rappeler certains faits\u00a0scientifiquement \u00e9tablis. On sait aujourd\u2019hui qu\u2019il existe un lien entre les violences physiques, psychologiques et une intelligence ab\u00eem\u00e9e Un danger physique ce sont des coups, des mauvais traitements, un danger psychologique ce sont&hellip;&nbsp;\u041f\u043e\u0434\u0440\u043e\u0431\u043d\u0435\u0435 &raquo;Violences et stress\" \/>\n<meta property=\"og:url\" content=\"https:\/\/asiani-psychologue.com\/ru\/test-et-bilanssss\/\" \/>\n<meta property=\"og:site_name\" content=\"Fabienne ASIANI\" \/>\n<meta property=\"article:modified_time\" content=\"2021-11-19T18:18:23+00:00\" \/>\n<meta name=\"twitter:card\" content=\"summary_large_image\" \/>\n<meta name=\"twitter:label1\" content=\"\u041f\u0440\u0438\u043c\u0435\u0440\u043d\u043e\u0435 \u0432\u0440\u0435\u043c\u044f \u0434\u043b\u044f \u0447\u0442\u0435\u043d\u0438\u044f\" \/>\n\t<meta name=\"twitter:data1\" content=\"1 \u043c\u0438\u043d\u0443\u0442\u0430\" \/>\n<script type=\"application\/ld+json\" class=\"yoast-schema-graph\">{\"@context\":\"https:\/\/schema.org\",\"@graph\":[{\"@type\":\"Organization\",\"@id\":\"https:\/\/asiani-psychologue.com\/#organization\",\"name\":\"Fabienne ASIANI\",\"url\":\"https:\/\/asiani-psychologue.com\/\",\"sameAs\":[],\"logo\":{\"@type\":\"ImageObject\",\"inLanguage\":\"ru-RU\",\"@id\":\"https:\/\/asiani-psychologue.com\/#\/schema\/logo\/image\/\",\"url\":\"https:\/\/asiani-psychologue.com\/wp-content\/uploads\/2021\/05\/cropped-LOGO-OK-20-fev15-fond-transp-80x80-1.png\",\"contentUrl\":\"https:\/\/asiani-psychologue.com\/wp-content\/uploads\/2021\/05\/cropped-LOGO-OK-20-fev15-fond-transp-80x80-1.png\",\"width\":80,\"height\":89,\"caption\":\"Fabienne ASIANI\"},\"image\":{\"@id\":\"https:\/\/asiani-psychologue.com\/#\/schema\/logo\/image\/\"}},{\"@type\":\"WebSite\",\"@id\":\"https:\/\/asiani-psychologue.com\/#website\",\"url\":\"https:\/\/asiani-psychologue.com\/\",\"name\":\"Fabienne ASIANI\",\"description\":\"Fabienne ASIANI - Psychologue Clinicienne et Psychoth\u00e9rapeute\",\"publisher\":{\"@id\":\"https:\/\/asiani-psychologue.com\/#organization\"},\"potentialAction\":[{\"@type\":\"SearchAction\",\"target\":{\"@type\":\"EntryPoint\",\"urlTemplate\":\"https:\/\/asiani-psychologue.com\/?s={search_term_string}\"},\"query-input\":\"required name=search_term_string\"}],\"inLanguage\":\"ru-RU\"},{\"@type\":\"WebPage\",\"@id\":\"https:\/\/asiani-psychologue.com\/ru\/test-et-bilanssss\/\",\"url\":\"https:\/\/asiani-psychologue.com\/ru\/test-et-bilanssss\/\",\"name\":\"[:fr]Violences et stress[:ru]Violences et stress[:] - Fabienne ASIANI\",\"isPartOf\":{\"@id\":\"https:\/\/asiani-psychologue.com\/#website\"},\"datePublished\":\"2021-04-25T19:27:34+00:00\",\"dateModified\":\"2021-11-19T18:18:23+00:00\",\"breadcrumb\":{\"@id\":\"https:\/\/asiani-psychologue.com\/ru\/test-et-bilanssss\/#breadcrumb\"},\"inLanguage\":\"ru-RU\",\"potentialAction\":[{\"@type\":\"ReadAction\",\"target\":[\"https:\/\/asiani-psychologue.com\/ru\/test-et-bilanssss\/\"]}]},{\"@type\":\"BreadcrumbList\",\"@id\":\"https:\/\/asiani-psychologue.com\/ru\/test-et-bilanssss\/#breadcrumb\",\"itemListElement\":[{\"@type\":\"ListItem\",\"position\":1,\"name\":\"Home\",\"item\":\"https:\/\/asiani-psychologue.com\/ru\/\"},{\"@type\":\"ListItem\",\"position\":2,\"name\":\"Violences et stress\"}]}]}<\/script>\n<!-- \/ Yoast SEO plugin. -->","yoast_head_json":{"title":"Violences et stress - Fabienne ASIANI","robots":{"index":"index","follow":"follow","max-snippet":"max-snippet:-1","max-image-preview":"max-image-preview:large","max-video-preview":"max-video-preview:-1"},"canonical":"https:\/\/asiani-psychologue.com\/ru\/test-et-bilanssss\/","og_locale":"ru_RU","og_type":"article","og_title":"[:fr]Violences et stress[:ru]Violences et stress[:] - Fabienne ASIANI","og_description":"Parce que les enfants sont vuln\u00e9rables et que nombre de souffrances d\u2019adultes proviennent de l\u2019enfance, il nous semble important de rappeler certains faits\u00a0scientifiquement \u00e9tablis. On sait aujourd\u2019hui qu\u2019il existe un lien entre les violences physiques, psychologiques et une intelligence ab\u00eem\u00e9e Un danger physique ce sont des coups, des mauvais traitements, un danger psychologique ce sont&hellip;&nbsp;\u041f\u043e\u0434\u0440\u043e\u0431\u043d\u0435\u0435 &raquo;Violences et stress","og_url":"https:\/\/asiani-psychologue.com\/ru\/test-et-bilanssss\/","og_site_name":"Fabienne ASIANI","article_modified_time":"2021-11-19T18:18:23+00:00","twitter_card":"summary_large_image","twitter_misc":{"\u041f\u0440\u0438\u043c\u0435\u0440\u043d\u043e\u0435 \u0432\u0440\u0435\u043c\u044f \u0434\u043b\u044f \u0447\u0442\u0435\u043d\u0438\u044f":"1 \u043c\u0438\u043d\u0443\u0442\u0430"},"schema":{"@context":"https:\/\/schema.org","@graph":[{"@type":"Organization","@id":"https:\/\/asiani-psychologue.com\/#organization","name":"Fabienne ASIANI","url":"https:\/\/asiani-psychologue.com\/","sameAs":[],"logo":{"@type":"ImageObject","inLanguage":"ru-RU","@id":"https:\/\/asiani-psychologue.com\/#\/schema\/logo\/image\/","url":"https:\/\/asiani-psychologue.com\/wp-content\/uploads\/2021\/05\/cropped-LOGO-OK-20-fev15-fond-transp-80x80-1.png","contentUrl":"https:\/\/asiani-psychologue.com\/wp-content\/uploads\/2021\/05\/cropped-LOGO-OK-20-fev15-fond-transp-80x80-1.png","width":80,"height":89,"caption":"Fabienne ASIANI"},"image":{"@id":"https:\/\/asiani-psychologue.com\/#\/schema\/logo\/image\/"}},{"@type":"WebSite","@id":"https:\/\/asiani-psychologue.com\/#website","url":"https:\/\/asiani-psychologue.com\/","name":"Fabienne ASIANI","description":"Fabienne ASIANI - Psychologue Clinicienne et Psychoth\u00e9rapeute","publisher":{"@id":"https:\/\/asiani-psychologue.com\/#organization"},"potentialAction":[{"@type":"SearchAction","target":{"@type":"EntryPoint","urlTemplate":"https:\/\/asiani-psychologue.com\/?s={search_term_string}"},"query-input":"required name=search_term_string"}],"inLanguage":"ru-RU"},{"@type":"WebPage","@id":"https:\/\/asiani-psychologue.com\/ru\/test-et-bilanssss\/","url":"https:\/\/asiani-psychologue.com\/ru\/test-et-bilanssss\/","name":"[:fr]Violences et stress[:ru]Violences et stress[:] - Fabienne ASIANI","isPartOf":{"@id":"https:\/\/asiani-psychologue.com\/#website"},"datePublished":"2021-04-25T19:27:34+00:00","dateModified":"2021-11-19T18:18:23+00:00","breadcrumb":{"@id":"https:\/\/asiani-psychologue.com\/ru\/test-et-bilanssss\/#breadcrumb"},"inLanguage":"ru-RU","potentialAction":[{"@type":"ReadAction","target":["https:\/\/asiani-psychologue.com\/ru\/test-et-bilanssss\/"]}]},{"@type":"BreadcrumbList","@id":"https:\/\/asiani-psychologue.com\/ru\/test-et-bilanssss\/#breadcrumb","itemListElement":[{"@type":"ListItem","position":1,"name":"Home","item":"https:\/\/asiani-psychologue.com\/ru\/"},{"@type":"ListItem","position":2,"name":"Violences et stress"}]}]}},"_links":{"self":[{"href":"https:\/\/asiani-psychologue.com\/ru\/wp-json\/wp\/v2\/pages\/486"}],"collection":[{"href":"https:\/\/asiani-psychologue.com\/ru\/wp-json\/wp\/v2\/pages"}],"about":[{"href":"https:\/\/asiani-psychologue.com\/ru\/wp-json\/wp\/v2\/types\/page"}],"author":[{"embeddable":true,"href":"https:\/\/asiani-psychologue.com\/ru\/wp-json\/wp\/v2\/users\/1"}],"replies":[{"embeddable":true,"href":"https:\/\/asiani-psychologue.com\/ru\/wp-json\/wp\/v2\/comments?post=486"}],"version-history":[{"count":8,"href":"https:\/\/asiani-psychologue.com\/ru\/wp-json\/wp\/v2\/pages\/486\/revisions"}],"predecessor-version":[{"id":972,"href":"https:\/\/asiani-psychologue.com\/ru\/wp-json\/wp\/v2\/pages\/486\/revisions\/972"}],"wp:attachment":[{"href":"https:\/\/asiani-psychologue.com\/ru\/wp-json\/wp\/v2\/media?parent=486"}],"curies":[{"name":"wp","href":"https:\/\/api.w.org\/{rel}","templated":true}]}}