{"id":195,"date":"2020-09-28T22:51:20","date_gmt":"2020-09-28T20:51:20","guid":{"rendered":"http:\/\/asianipsti.cluster011.ovh.net\/www1\/?page_id=195"},"modified":"2021-11-19T19:17:05","modified_gmt":"2021-11-19T18:17:05","slug":"bibliographie","status":"publish","type":"page","link":"https:\/\/asiani-psychologue.com\/ru\/bibliographie\/","title":{"rendered":"Bibliographie"},"content":{"rendered":"","protected":false},"excerpt":{"rendered":"","protected":false},"author":1,"featured_media":0,"parent":0,"menu_order":0,"comment_status":"closed","ping_status":"closed","template":"","meta":{"neve_meta_sidebar":"full-width","neve_meta_container":"","neve_meta_enable_content_width":"on","neve_meta_content_width":100,"neve_meta_title_alignment":"","neve_meta_author_avatar":"","neve_post_elements_order":"","neve_meta_disable_header":"","neve_meta_disable_footer":"","neve_meta_disable_title":""},"yoast_head":"<!-- This site is optimized with the Yoast SEO plugin v19.4 - https:\/\/yoast.com\/wordpress\/plugins\/seo\/ -->\n<title>Bibliographie - Fabienne ASIANI<\/title>\n<meta name=\"robots\" content=\"index, follow, max-snippet:-1, max-image-preview:large, max-video-preview:-1\" \/>\n<link rel=\"canonical\" href=\"https:\/\/asiani-psychologue.com\/ru\/bibliographie\/\" \/>\n<meta property=\"og:locale\" content=\"ru_RU\" \/>\n<meta property=\"og:type\" content=\"article\" \/>\n<meta property=\"og:title\" content=\"Bibliographie\" \/>\n<meta property=\"og:description\" content=\"\u200bLa douleur, je m\u2019en sors. Comprendre et agir.\u00a0 \u00a0 Pr Serge Perrot \u200bM\u00e9diter jour apr\u00e8s jour.\u00a0 \u00a0 Christophe Andr\u00e9 \u200bLa douleur, quelle chose \u00e9trange.\u00a0 \u00a0 Steve Haines. Sophie Standing. \u200bL\u2019anxi\u00e9t\u00e9 quelle chose \u00e9trange.\u00a0 \u00a0 Steve haines. Sophie Standing. \u200bLe trauma, quelle chose \u00e9trange.\u00a0 \u00a0 Steve Haines. Sophie Standing. \u200bLa douleur chronique au Canada : jeter&hellip;&nbsp;\u041f\u043e\u0434\u0440\u043e\u0431\u043d\u0435\u0435 &raquo;Bibliographie\" \/>\n<meta property=\"og:url\" content=\"https:\/\/asiani-psychologue.com\/ru\/bibliographie\/\" \/>\n<meta property=\"og:site_name\" content=\"Fabienne ASIANI\" \/>\n<meta property=\"article:modified_time\" content=\"2021-11-19T18:17:05+00:00\" \/>\n<meta name=\"twitter:card\" content=\"summary_large_image\" \/>\n<meta name=\"twitter:label1\" content=\"\u041f\u0440\u0438\u043c\u0435\u0440\u043d\u043e\u0435 \u0432\u0440\u0435\u043c\u044f \u0434\u043b\u044f \u0447\u0442\u0435\u043d\u0438\u044f\" \/>\n\t<meta name=\"twitter:data1\" content=\"1 \u043c\u0438\u043d\u0443\u0442\u0430\" \/>\n<script type=\"application\/ld+json\" class=\"yoast-schema-graph\">{\"@context\":\"https:\/\/schema.org\",\"@graph\":[{\"@type\":\"Organization\",\"@id\":\"https:\/\/asiani-psychologue.com\/#organization\",\"name\":\"Fabienne ASIANI\",\"url\":\"https:\/\/asiani-psychologue.com\/\",\"sameAs\":[],\"logo\":{\"@type\":\"ImageObject\",\"inLanguage\":\"ru-RU\",\"@id\":\"https:\/\/asiani-psychologue.com\/#\/schema\/logo\/image\/\",\"url\":\"https:\/\/asiani-psychologue.com\/wp-content\/uploads\/2021\/05\/cropped-LOGO-OK-20-fev15-fond-transp-80x80-1.png\",\"contentUrl\":\"https:\/\/asiani-psychologue.com\/wp-content\/uploads\/2021\/05\/cropped-LOGO-OK-20-fev15-fond-transp-80x80-1.png\",\"width\":80,\"height\":89,\"caption\":\"Fabienne ASIANI\"},\"image\":{\"@id\":\"https:\/\/asiani-psychologue.com\/#\/schema\/logo\/image\/\"}},{\"@type\":\"WebSite\",\"@id\":\"https:\/\/asiani-psychologue.com\/#website\",\"url\":\"https:\/\/asiani-psychologue.com\/\",\"name\":\"Fabienne ASIANI\",\"description\":\"Fabienne ASIANI - Psychologue Clinicienne et Psychoth\u00e9rapeute\",\"publisher\":{\"@id\":\"https:\/\/asiani-psychologue.com\/#organization\"},\"potentialAction\":[{\"@type\":\"SearchAction\",\"target\":{\"@type\":\"EntryPoint\",\"urlTemplate\":\"https:\/\/asiani-psychologue.com\/?s={search_term_string}\"},\"query-input\":\"required name=search_term_string\"}],\"inLanguage\":\"ru-RU\"},{\"@type\":\"WebPage\",\"@id\":\"https:\/\/asiani-psychologue.com\/ru\/bibliographie\/\",\"url\":\"https:\/\/asiani-psychologue.com\/ru\/bibliographie\/\",\"name\":\"[:fr]Bibliographie Conseill\u00e9e[:ru]Bibliographie[:] - Fabienne ASIANI\",\"isPartOf\":{\"@id\":\"https:\/\/asiani-psychologue.com\/#website\"},\"datePublished\":\"2020-09-28T20:51:20+00:00\",\"dateModified\":\"2021-11-19T18:17:05+00:00\",\"breadcrumb\":{\"@id\":\"https:\/\/asiani-psychologue.com\/ru\/bibliographie\/#breadcrumb\"},\"inLanguage\":\"ru-RU\",\"potentialAction\":[{\"@type\":\"ReadAction\",\"target\":[\"https:\/\/asiani-psychologue.com\/ru\/bibliographie\/\"]}]},{\"@type\":\"BreadcrumbList\",\"@id\":\"https:\/\/asiani-psychologue.com\/ru\/bibliographie\/#breadcrumb\",\"itemListElement\":[{\"@type\":\"ListItem\",\"position\":1,\"name\":\"Home\",\"item\":\"https:\/\/asiani-psychologue.com\/ru\/\"},{\"@type\":\"ListItem\",\"position\":2,\"name\":\"Bibliographie\"}]}]}<\/script>\n<!-- \/ Yoast SEO plugin. -->","yoast_head_json":{"title":"Bibliographie - Fabienne ASIANI","robots":{"index":"index","follow":"follow","max-snippet":"max-snippet:-1","max-image-preview":"max-image-preview:large","max-video-preview":"max-video-preview:-1"},"canonical":"https:\/\/asiani-psychologue.com\/ru\/bibliographie\/","og_locale":"ru_RU","og_type":"article","og_title":"[:fr]Bibliographie Conseill\u00e9e[:ru]Bibliographie[:] - Fabienne ASIANI","og_description":"\u200bLa douleur, je m\u2019en sors. Comprendre et agir.\u00a0 \u00a0 Pr Serge Perrot \u200bM\u00e9diter jour apr\u00e8s jour.\u00a0 \u00a0 Christophe Andr\u00e9 \u200bLa douleur, quelle chose \u00e9trange.\u00a0 \u00a0 Steve Haines. Sophie Standing. \u200bL\u2019anxi\u00e9t\u00e9 quelle chose \u00e9trange.\u00a0 \u00a0 Steve haines. Sophie Standing. \u200bLe trauma, quelle chose \u00e9trange.\u00a0 \u00a0 Steve Haines. Sophie Standing. \u200bLa douleur chronique au Canada : jeter&hellip;&nbsp;\u041f\u043e\u0434\u0440\u043e\u0431\u043d\u0435\u0435 &raquo;Bibliographie","og_url":"https:\/\/asiani-psychologue.com\/ru\/bibliographie\/","og_site_name":"Fabienne ASIANI","article_modified_time":"2021-11-19T18:17:05+00:00","twitter_card":"summary_large_image","twitter_misc":{"\u041f\u0440\u0438\u043c\u0435\u0440\u043d\u043e\u0435 \u0432\u0440\u0435\u043c\u044f \u0434\u043b\u044f \u0447\u0442\u0435\u043d\u0438\u044f":"1 \u043c\u0438\u043d\u0443\u0442\u0430"},"schema":{"@context":"https:\/\/schema.org","@graph":[{"@type":"Organization","@id":"https:\/\/asiani-psychologue.com\/#organization","name":"Fabienne ASIANI","url":"https:\/\/asiani-psychologue.com\/","sameAs":[],"logo":{"@type":"ImageObject","inLanguage":"ru-RU","@id":"https:\/\/asiani-psychologue.com\/#\/schema\/logo\/image\/","url":"https:\/\/asiani-psychologue.com\/wp-content\/uploads\/2021\/05\/cropped-LOGO-OK-20-fev15-fond-transp-80x80-1.png","contentUrl":"https:\/\/asiani-psychologue.com\/wp-content\/uploads\/2021\/05\/cropped-LOGO-OK-20-fev15-fond-transp-80x80-1.png","width":80,"height":89,"caption":"Fabienne ASIANI"},"image":{"@id":"https:\/\/asiani-psychologue.com\/#\/schema\/logo\/image\/"}},{"@type":"WebSite","@id":"https:\/\/asiani-psychologue.com\/#website","url":"https:\/\/asiani-psychologue.com\/","name":"Fabienne ASIANI","description":"Fabienne ASIANI - Psychologue Clinicienne et Psychoth\u00e9rapeute","publisher":{"@id":"https:\/\/asiani-psychologue.com\/#organization"},"potentialAction":[{"@type":"SearchAction","target":{"@type":"EntryPoint","urlTemplate":"https:\/\/asiani-psychologue.com\/?s={search_term_string}"},"query-input":"required name=search_term_string"}],"inLanguage":"ru-RU"},{"@type":"WebPage","@id":"https:\/\/asiani-psychologue.com\/ru\/bibliographie\/","url":"https:\/\/asiani-psychologue.com\/ru\/bibliographie\/","name":"[:fr]Bibliographie Conseill\u00e9e[:ru]Bibliographie[:] - Fabienne ASIANI","isPartOf":{"@id":"https:\/\/asiani-psychologue.com\/#website"},"datePublished":"2020-09-28T20:51:20+00:00","dateModified":"2021-11-19T18:17:05+00:00","breadcrumb":{"@id":"https:\/\/asiani-psychologue.com\/ru\/bibliographie\/#breadcrumb"},"inLanguage":"ru-RU","potentialAction":[{"@type":"ReadAction","target":["https:\/\/asiani-psychologue.com\/ru\/bibliographie\/"]}]},{"@type":"BreadcrumbList","@id":"https:\/\/asiani-psychologue.com\/ru\/bibliographie\/#breadcrumb","itemListElement":[{"@type":"ListItem","position":1,"name":"Home","item":"https:\/\/asiani-psychologue.com\/ru\/"},{"@type":"ListItem","position":2,"name":"Bibliographie"}]}]}},"_links":{"self":[{"href":"https:\/\/asiani-psychologue.com\/ru\/wp-json\/wp\/v2\/pages\/195"}],"collection":[{"href":"https:\/\/asiani-psychologue.com\/ru\/wp-json\/wp\/v2\/pages"}],"about":[{"href":"https:\/\/asiani-psychologue.com\/ru\/wp-json\/wp\/v2\/types\/page"}],"author":[{"embeddable":true,"href":"https:\/\/asiani-psychologue.com\/ru\/wp-json\/wp\/v2\/users\/1"}],"replies":[{"embeddable":true,"href":"https:\/\/asiani-psychologue.com\/ru\/wp-json\/wp\/v2\/comments?post=195"}],"version-history":[{"count":6,"href":"https:\/\/asiani-psychologue.com\/ru\/wp-json\/wp\/v2\/pages\/195\/revisions"}],"predecessor-version":[{"id":280,"href":"https:\/\/asiani-psychologue.com\/ru\/wp-json\/wp\/v2\/pages\/195\/revisions\/280"}],"wp:attachment":[{"href":"https:\/\/asiani-psychologue.com\/ru\/wp-json\/wp\/v2\/media?parent=195"}],"curies":[{"name":"wp","href":"https:\/\/api.w.org\/{rel}","templated":true}]}}